{"id":2,"date":"2021-04-25T20:39:20","date_gmt":"2021-04-25T18:39:20","guid":{"rendered":"https:\/\/ojim.fr\/faireundon\/?page_id=2"},"modified":"2026-02-16T09:40:44","modified_gmt":"2026-02-16T08:40:44","slug":"accueil","status":"publish","type":"page","link":"https:\/\/ojim.fr\/faireundon\/","title":{"rendered":"Faire un don"},"content":{"rendered":"<p>[et_pb_section fb_built=\u00a0\u00bb1&Prime; _builder_version=\u00a0\u00bb4.27.4&Prime; _module_preset=\u00a0\u00bbdefault\u00a0\u00bb background_color=\u00a0\u00bb#f1f1f1&Prime; custom_margin=\u00a0\u00bb0px||||false|false\u00a0\u00bb custom_padding=\u00a0\u00bb20px||20px||false|false\u00a0\u00bb global_colors_info=\u00a0\u00bb{}\u00a0\u00bb][et_pb_row _builder_version=\u00a0\u00bb4.27.5&Prime; _module_preset=\u00a0\u00bbdefault\u00a0\u00bb background_enable_color=\u00a0\u00bboff\u00a0\u00bb width=\u00a0\u00bb90%\u00a0\u00bb max_width=\u00a0\u00bb800px\u00a0\u00bb custom_margin=\u00a0\u00bb0px||0px||false|false\u00a0\u00bb custom_padding=\u00a0\u00bb0px|0px|0px|0px|false|false\u00a0\u00bb global_colors_info=\u00a0\u00bb{}\u00a0\u00bb][et_pb_column type=\u00a0\u00bb4_4&Prime; _builder_version=\u00a0\u00bb4.16&Prime; _module_preset=\u00a0\u00bbdefault\u00a0\u00bb global_colors_info=\u00a0\u00bb{}\u00a0\u00bb][et_pb_image src=\u00a0\u00bbhttps:\/\/ojim.fr\/faireundon\/wp-content\/uploads\/2025\/12\/12-ok.jpg\u00a0\u00bb alt=\u00a0\u00bbFaire un don \u00e0 l&rsquo;OJIM\u00a0\u00bb title_text=\u00a0\u00bbFaire un don \u00e0 l&rsquo;OJIM\u00a0\u00bb _builder_version=\u00a0\u00bb4.27.4&Prime; _module_preset=\u00a0\u00bbdefault\u00a0\u00bb global_colors_info=\u00a0\u00bb{}\u00a0\u00bb][\/et_pb_image][et_pb_code _builder_version=\u00a0\u00bb4.27.5&Prime; _module_preset=\u00a0\u00bbdefault\u00a0\u00bb background_enable_color=\u00a0\u00bboff\u00a0\u00bb text_orientation=\u00a0\u00bbcenter\u00a0\u00bb module_alignment=\u00a0\u00bbcenter\u00a0\u00bb custom_padding=\u00a0\u00bb|20px||20px|false|false\u00a0\u00bb hover_enabled=\u00a0\u00bb0&Prime; global_colors_info=\u00a0\u00bb{}\u00a0\u00bb sticky_enabled=\u00a0\u00bb0&Prime;]        <style>\n        :root {\n        --wcdp-main: #e0e0e0;\n        --wcdp-main-2: #ed5539;\n        --label-text-checked: white;\n    }\n    @keyframes wcdp-progress {\n        0% {\n            width: 0;\n        }\n    }\n        .wcdp-progress-style-2 {\n    margin-bottom: 1em;\n    }\n    .wcdp-progress-style-2 .wcdp-emphasized {\n    font-size: 1.7em;\n    font-weight: bold;\n    }\n    .wcdp-progress-style-2 .wcdp-thermometer {\n    height: 1em;\n    border-radius: 0.5em;\n    }\n    .wcdp-progress-style-2 .wcdp-thermometer-bg {\n    background-color: var(--wcdp-main);\n    margin: 0;\n    height: 1em;\n    }\n    .wcdp-progress-style-2 .wcdp-progress > .wcdp-thermometer-fg {\n    background-color: var(--wcdp-main-2);\n    margin-top: -1em;\n    animation: wcdp-progress 1s ease-in;\n    }\n    .wcdp-progress-style-2 .wcdp-column {\n    float: left;\n    width: 50%;\n    }\n    .wcdp-progress-style-2 .wcdp-column:nth-child(2) {\n    text-align:right;\n    }\n    .wcdp-progress-style-2 .wcdp-progress-row:after {\n    content: \"\";\n    display: table;\n    clear: both;\n    }\n<\/style>\n\n<div class=\"wcdp-fundraising-progress wcdp-progress-style-2\">\n    <div class=\"wcdp-progress-row\">\n                    <div class=\"wcdp-column\"> <span class=\"wcdp-emphasized\"><span class=\"woocommerce-Price-amount amount\"><bdi>1 055,00&nbsp;<span class=\"woocommerce-Price-currencySymbol\">&euro;<\/span><\/bdi><\/span><\/span> sur <span class=\"wcdp-normal\"><span class=\"woocommerce-Price-amount amount\"><bdi>10 000,00&nbsp;<span class=\"woocommerce-Price-currencySymbol\">&euro;<\/span><\/bdi><\/span><\/span> <\/div>         <div class=\"wcdp-column\">\n                    <\/div>\n    <\/div>\n            <div class=\"wcdp-progress\">\n            <div class=\"wcdp-thermometer wcdp-thermometer-bg\"><\/div>\n            <div class=\"wcdp-thermometer wcdp-thermometer-fg\" style=\"width: 10.55%\"><\/div>\n        <\/div>\n    <\/div>\n\n[\/et_pb_code][et_pb_text _builder_version=\u00a0\u00bb4.27.5&Prime; _module_preset=\u00a0\u00bbdefault\u00a0\u00bb text_font_size=\u00a0\u00bb16px\u00a0\u00bb text_line_height=\u00a0\u00bb1.9em\u00a0\u00bb text_orientation=\u00a0\u00bbcenter\u00a0\u00bb custom_padding=\u00a0\u00bb||30px||false|false\u00a0\u00bb hover_enabled=\u00a0\u00bb0&Prime; global_colors_info=\u00a0\u00bb{}\u00a0\u00bb sticky_enabled=\u00a0\u00bb0&Prime;]<\/p>\n<ul class=\"woocommerce-error wcdp-error-message\" id=\"wcdp-ajax-error\" role=\"alert\"><li>Dans la vue actuelle, le formulaire de don n&#039;est pas disponible.<\/li><\/ul>\n<p>[\/et_pb_text][\/et_pb_column][\/et_pb_row][\/et_pb_section]<\/p>\n","protected":false},"excerpt":{"rendered":"<p>Pour la rentr\u00e9e 2024, nous avons publi\u00e9 plusieurs articles sur un sujet \u00e0 la fois connu et dissimul\u00e9, la promotion pendant des d\u00e9cennies de la p\u00e9docriminalit\u00e9 par Lib\u00e9ration, y compris en tol\u00e9rant plusieurs ann\u00e9es un journaliste p\u00e9dophile av\u00e9r\u00e9 dans la r\u00e9daction, celui-ci venant avec sa proie au journal. Nous vous proposons maintenant le dossier complet, soigneusement mis en page.<\/p>\n","protected":false},"author":1,"featured_media":3175,"parent":0,"menu_order":0,"comment_status":"closed","ping_status":"closed","template":"","meta":{"_et_pb_use_builder":"on","_et_pb_old_content":"","_et_gb_content_width":"","footnotes":""},"class_list":["post-2","page","type-page","status-publish","has-post-thumbnail","hentry"],"yoast_head":"<!-- This site is optimized with the Yoast SEO plugin v27.4 - https:\/\/yoast.com\/product\/yoast-seo-wordpress\/ -->\n<title>Faire un don | Observatoire du journalisme<\/title>\n<meta name=\"description\" content=\"Le site de l\u2019OJIM avec sa base de donn\u00e9es de 7000 articles, 350 portraits de journalistes, ses infographies, ses vid\u00e9os, est gratuit. Mais il a un co\u00fbt. Vous voulez que \u00e7a continue\u00a0? Soutenez notre ind\u00e9pendance par un don. Un don de 100\u20ac - le co\u00fbt de la r\u00e9daction d\u2019un portrait \u2013 ne vous co\u00fbtera que 34\u20ac avec re\u00e7u fiscal. On compte sur vous !\" \/>\n<meta name=\"robots\" content=\"index, follow, max-snippet:-1, max-image-preview:large, max-video-preview:-1\" \/>\n<link rel=\"canonical\" href=\"https:\/\/ojim.fr\/faireundon\/\" \/>\n<meta property=\"og:locale\" content=\"fr_FR\" \/>\n<meta property=\"og:type\" content=\"article\" \/>\n<meta property=\"og:title\" content=\"Faire un don | Observatoire du journalisme\" \/>\n<meta property=\"og:description\" content=\"Le site de l\u2019OJIM avec sa base de donn\u00e9es de 7000 articles, 350 portraits de journalistes, ses infographies, ses vid\u00e9os, est gratuit. Mais il a un co\u00fbt. Vous voulez que \u00e7a continue\u00a0? Soutenez notre ind\u00e9pendance par un don. Un don de 100\u20ac - le co\u00fbt de la r\u00e9daction d\u2019un portrait \u2013 ne vous co\u00fbtera que 34\u20ac avec re\u00e7u fiscal. On compte sur vous !\" \/>\n<meta property=\"og:url\" content=\"https:\/\/ojim.fr\/faireundon\/\" \/>\n<meta property=\"og:site_name\" content=\"Observatoire du journalisme\" \/>\n<meta property=\"article:modified_time\" content=\"2026-02-16T08:40:44+00:00\" \/>\n<meta property=\"og:image\" content=\"https:\/\/ojim.fr\/faireundon\/wp-content\/uploads\/2025\/12\/12-ok.jpg\" \/>\n\t<meta property=\"og:image:width\" content=\"1920\" \/>\n\t<meta property=\"og:image:height\" content=\"1080\" \/>\n\t<meta property=\"og:image:type\" content=\"image\/jpeg\" \/>\n<meta name=\"twitter:card\" content=\"summary_large_image\" \/>\n<meta name=\"twitter:description\" content=\"Le site de l\u2019OJIM avec sa base de donn\u00e9es de 7000 articles, 350 portraits de journalistes, ses infographies, ses vid\u00e9os, est gratuit. Mais il a un co\u00fbt. Vous voulez que \u00e7a continue\u00a0? Soutenez notre ind\u00e9pendance par un don. Un don de 100\u20ac - le co\u00fbt de la r\u00e9daction d\u2019un portrait \u2013 ne vous co\u00fbtera que 34\u20ac avec re\u00e7u fiscal. On compte sur vous !\" \/>\n<meta name=\"twitter:image\" content=\"https:\/\/ojim.fr\/faireundon\/wp-content\/uploads\/2025\/12\/12-ok.jpg\" \/>\n<meta name=\"twitter:site\" content=\"@ojim_france\" \/>\n<meta name=\"twitter:label1\" content=\"Dur\u00e9e de lecture estim\u00e9e\" \/>\n\t<meta name=\"twitter:data1\" content=\"1 minute\" \/>\n<script type=\"application\/ld+json\" class=\"yoast-schema-graph\">{\"@context\":\"https:\\\/\\\/schema.org\",\"@graph\":[{\"@type\":\"WebPage\",\"@id\":\"https:\\\/\\\/ojim.fr\\\/faireundon\\\/\",\"url\":\"https:\\\/\\\/ojim.fr\\\/faireundon\\\/\",\"name\":\"Faire un don | Observatoire du journalisme\",\"isPartOf\":{\"@id\":\"https:\\\/\\\/ojim.fr\\\/faireundon\\\/#website\"},\"primaryImageOfPage\":{\"@id\":\"https:\\\/\\\/ojim.fr\\\/faireundon\\\/#primaryimage\"},\"image\":{\"@id\":\"https:\\\/\\\/ojim.fr\\\/faireundon\\\/#primaryimage\"},\"thumbnailUrl\":\"https:\\\/\\\/ojim.fr\\\/faireundon\\\/wp-content\\\/uploads\\\/2025\\\/12\\\/12-ok.jpg\",\"datePublished\":\"2021-04-25T18:39:20+00:00\",\"dateModified\":\"2026-02-16T08:40:44+00:00\",\"description\":\"Le site de l\u2019OJIM avec sa base de donn\u00e9es de 7000 articles, 350 portraits de journalistes, ses infographies, ses vid\u00e9os, est gratuit. Mais il a un co\u00fbt. Vous voulez que \u00e7a continue\u00a0? Soutenez notre ind\u00e9pendance par un don. Un don de 100\u20ac - le co\u00fbt de la r\u00e9daction d\u2019un portrait \u2013 ne vous co\u00fbtera que 34\u20ac avec re\u00e7u fiscal. On compte sur vous !\",\"breadcrumb\":{\"@id\":\"https:\\\/\\\/ojim.fr\\\/faireundon\\\/#breadcrumb\"},\"inLanguage\":\"fr-FR\",\"potentialAction\":[{\"@type\":\"ReadAction\",\"target\":[\"https:\\\/\\\/ojim.fr\\\/faireundon\\\/\"]}]},{\"@type\":\"ImageObject\",\"inLanguage\":\"fr-FR\",\"@id\":\"https:\\\/\\\/ojim.fr\\\/faireundon\\\/#primaryimage\",\"url\":\"https:\\\/\\\/ojim.fr\\\/faireundon\\\/wp-content\\\/uploads\\\/2025\\\/12\\\/12-ok.jpg\",\"contentUrl\":\"https:\\\/\\\/ojim.fr\\\/faireundon\\\/wp-content\\\/uploads\\\/2025\\\/12\\\/12-ok.jpg\",\"width\":1920,\"height\":1080,\"caption\":\"Faire un don \u00e0 l'OJIM\"},{\"@type\":\"BreadcrumbList\",\"@id\":\"https:\\\/\\\/ojim.fr\\\/faireundon\\\/#breadcrumb\",\"itemListElement\":[{\"@type\":\"ListItem\",\"position\":1,\"name\":\"Accueil\",\"item\":\"https:\\\/\\\/ojim.fr\\\/faireundon\\\/\"},{\"@type\":\"ListItem\",\"position\":2,\"name\":\"Faire un don\"}]},{\"@type\":\"WebSite\",\"@id\":\"https:\\\/\\\/ojim.fr\\\/faireundon\\\/#website\",\"url\":\"https:\\\/\\\/ojim.fr\\\/faireundon\\\/\",\"name\":\"Observatoire du journalisme\",\"description\":\"Faire un don\",\"publisher\":{\"@id\":\"https:\\\/\\\/ojim.fr\\\/faireundon\\\/#organization\"},\"potentialAction\":[{\"@type\":\"SearchAction\",\"target\":{\"@type\":\"EntryPoint\",\"urlTemplate\":\"https:\\\/\\\/ojim.fr\\\/faireundon\\\/?s={search_term_string}\"},\"query-input\":{\"@type\":\"PropertyValueSpecification\",\"valueRequired\":true,\"valueName\":\"search_term_string\"}}],\"inLanguage\":\"fr-FR\"},{\"@type\":\"Organization\",\"@id\":\"https:\\\/\\\/ojim.fr\\\/faireundon\\\/#organization\",\"name\":\"Observatoire du journalisme\",\"url\":\"https:\\\/\\\/ojim.fr\\\/faireundon\\\/\",\"logo\":{\"@type\":\"ImageObject\",\"inLanguage\":\"fr-FR\",\"@id\":\"https:\\\/\\\/ojim.fr\\\/faireundon\\\/#\\\/schema\\\/logo\\\/image\\\/\",\"url\":\"https:\\\/\\\/ojim.fr\\\/faireundon\\\/wp-content\\\/uploads\\\/2025\\\/04\\\/mockup-brochure.jpg\",\"contentUrl\":\"https:\\\/\\\/ojim.fr\\\/faireundon\\\/wp-content\\\/uploads\\\/2025\\\/04\\\/mockup-brochure.jpg\",\"width\":1280,\"height\":720,\"caption\":\"Observatoire du journalisme\"},\"image\":{\"@id\":\"https:\\\/\\\/ojim.fr\\\/faireundon\\\/#\\\/schema\\\/logo\\\/image\\\/\"},\"sameAs\":[\"https:\\\/\\\/x.com\\\/ojim_france\"]}]}<\/script>\n<!-- \/ Yoast SEO plugin. -->","yoast_head_json":{"title":"Faire un don | Observatoire du journalisme","description":"Le site de l\u2019OJIM avec sa base de donn\u00e9es de 7000 articles, 350 portraits de journalistes, ses infographies, ses vid\u00e9os, est gratuit. Mais il a un co\u00fbt. Vous voulez que \u00e7a continue\u00a0? Soutenez notre ind\u00e9pendance par un don. Un don de 100\u20ac - le co\u00fbt de la r\u00e9daction d\u2019un portrait \u2013 ne vous co\u00fbtera que 34\u20ac avec re\u00e7u fiscal. On compte sur vous !","robots":{"index":"index","follow":"follow","max-snippet":"max-snippet:-1","max-image-preview":"max-image-preview:large","max-video-preview":"max-video-preview:-1"},"canonical":"https:\/\/ojim.fr\/faireundon\/","og_locale":"fr_FR","og_type":"article","og_title":"Faire un don | Observatoire du journalisme","og_description":"Le site de l\u2019OJIM avec sa base de donn\u00e9es de 7000 articles, 350 portraits de journalistes, ses infographies, ses vid\u00e9os, est gratuit. Mais il a un co\u00fbt. Vous voulez que \u00e7a continue\u00a0? Soutenez notre ind\u00e9pendance par un don. Un don de 100\u20ac - le co\u00fbt de la r\u00e9daction d\u2019un portrait \u2013 ne vous co\u00fbtera que 34\u20ac avec re\u00e7u fiscal. On compte sur vous !","og_url":"https:\/\/ojim.fr\/faireundon\/","og_site_name":"Observatoire du journalisme","article_modified_time":"2026-02-16T08:40:44+00:00","og_image":[{"width":1920,"height":1080,"url":"https:\/\/ojim.fr\/faireundon\/wp-content\/uploads\/2025\/12\/12-ok.jpg","type":"image\/jpeg"}],"twitter_card":"summary_large_image","twitter_description":"Le site de l\u2019OJIM avec sa base de donn\u00e9es de 7000 articles, 350 portraits de journalistes, ses infographies, ses vid\u00e9os, est gratuit. Mais il a un co\u00fbt. Vous voulez que \u00e7a continue\u00a0? Soutenez notre ind\u00e9pendance par un don. Un don de 100\u20ac - le co\u00fbt de la r\u00e9daction d\u2019un portrait \u2013 ne vous co\u00fbtera que 34\u20ac avec re\u00e7u fiscal. On compte sur vous !","twitter_image":"https:\/\/ojim.fr\/faireundon\/wp-content\/uploads\/2025\/12\/12-ok.jpg","twitter_site":"@ojim_france","twitter_misc":{"Dur\u00e9e de lecture estim\u00e9e":"1 minute"},"schema":{"@context":"https:\/\/schema.org","@graph":[{"@type":"WebPage","@id":"https:\/\/ojim.fr\/faireundon\/","url":"https:\/\/ojim.fr\/faireundon\/","name":"Faire un don | Observatoire du journalisme","isPartOf":{"@id":"https:\/\/ojim.fr\/faireundon\/#website"},"primaryImageOfPage":{"@id":"https:\/\/ojim.fr\/faireundon\/#primaryimage"},"image":{"@id":"https:\/\/ojim.fr\/faireundon\/#primaryimage"},"thumbnailUrl":"https:\/\/ojim.fr\/faireundon\/wp-content\/uploads\/2025\/12\/12-ok.jpg","datePublished":"2021-04-25T18:39:20+00:00","dateModified":"2026-02-16T08:40:44+00:00","description":"Le site de l\u2019OJIM avec sa base de donn\u00e9es de 7000 articles, 350 portraits de journalistes, ses infographies, ses vid\u00e9os, est gratuit. Mais il a un co\u00fbt. Vous voulez que \u00e7a continue\u00a0? Soutenez notre ind\u00e9pendance par un don. Un don de 100\u20ac - le co\u00fbt de la r\u00e9daction d\u2019un portrait \u2013 ne vous co\u00fbtera que 34\u20ac avec re\u00e7u fiscal. On compte sur vous !","breadcrumb":{"@id":"https:\/\/ojim.fr\/faireundon\/#breadcrumb"},"inLanguage":"fr-FR","potentialAction":[{"@type":"ReadAction","target":["https:\/\/ojim.fr\/faireundon\/"]}]},{"@type":"ImageObject","inLanguage":"fr-FR","@id":"https:\/\/ojim.fr\/faireundon\/#primaryimage","url":"https:\/\/ojim.fr\/faireundon\/wp-content\/uploads\/2025\/12\/12-ok.jpg","contentUrl":"https:\/\/ojim.fr\/faireundon\/wp-content\/uploads\/2025\/12\/12-ok.jpg","width":1920,"height":1080,"caption":"Faire un don \u00e0 l'OJIM"},{"@type":"BreadcrumbList","@id":"https:\/\/ojim.fr\/faireundon\/#breadcrumb","itemListElement":[{"@type":"ListItem","position":1,"name":"Accueil","item":"https:\/\/ojim.fr\/faireundon\/"},{"@type":"ListItem","position":2,"name":"Faire un don"}]},{"@type":"WebSite","@id":"https:\/\/ojim.fr\/faireundon\/#website","url":"https:\/\/ojim.fr\/faireundon\/","name":"Observatoire du journalisme","description":"Faire un don","publisher":{"@id":"https:\/\/ojim.fr\/faireundon\/#organization"},"potentialAction":[{"@type":"SearchAction","target":{"@type":"EntryPoint","urlTemplate":"https:\/\/ojim.fr\/faireundon\/?s={search_term_string}"},"query-input":{"@type":"PropertyValueSpecification","valueRequired":true,"valueName":"search_term_string"}}],"inLanguage":"fr-FR"},{"@type":"Organization","@id":"https:\/\/ojim.fr\/faireundon\/#organization","name":"Observatoire du journalisme","url":"https:\/\/ojim.fr\/faireundon\/","logo":{"@type":"ImageObject","inLanguage":"fr-FR","@id":"https:\/\/ojim.fr\/faireundon\/#\/schema\/logo\/image\/","url":"https:\/\/ojim.fr\/faireundon\/wp-content\/uploads\/2025\/04\/mockup-brochure.jpg","contentUrl":"https:\/\/ojim.fr\/faireundon\/wp-content\/uploads\/2025\/04\/mockup-brochure.jpg","width":1280,"height":720,"caption":"Observatoire du journalisme"},"image":{"@id":"https:\/\/ojim.fr\/faireundon\/#\/schema\/logo\/image\/"},"sameAs":["https:\/\/x.com\/ojim_france"]}]}},"_links":{"self":[{"href":"https:\/\/ojim.fr\/faireundon\/wp-json\/wp\/v2\/pages\/2","targetHints":{"allow":["GET"]}}],"collection":[{"href":"https:\/\/ojim.fr\/faireundon\/wp-json\/wp\/v2\/pages"}],"about":[{"href":"https:\/\/ojim.fr\/faireundon\/wp-json\/wp\/v2\/types\/page"}],"author":[{"embeddable":true,"href":"https:\/\/ojim.fr\/faireundon\/wp-json\/wp\/v2\/users\/1"}],"replies":[{"embeddable":true,"href":"https:\/\/ojim.fr\/faireundon\/wp-json\/wp\/v2\/comments?post=2"}],"version-history":[{"count":66,"href":"https:\/\/ojim.fr\/faireundon\/wp-json\/wp\/v2\/pages\/2\/revisions"}],"predecessor-version":[{"id":3432,"href":"https:\/\/ojim.fr\/faireundon\/wp-json\/wp\/v2\/pages\/2\/revisions\/3432"}],"wp:featuredmedia":[{"embeddable":true,"href":"https:\/\/ojim.fr\/faireundon\/wp-json\/wp\/v2\/media\/3175"}],"wp:attachment":[{"href":"https:\/\/ojim.fr\/faireundon\/wp-json\/wp\/v2\/media?parent=2"}],"curies":[{"name":"wp","href":"https:\/\/api.w.org\/{rel}","templated":true}]}}